{"id":2136,"date":"2024-06-05T23:34:27","date_gmt":"2024-06-05T21:34:27","guid":{"rendered":"https:\/\/maszyny-cukiernicze.pl\/produkt\/venona-mk40-colosus-mk40\/"},"modified":"2024-06-06T14:38:36","modified_gmt":"2024-06-06T12:38:36","slug":"venona-mk40-colosus-mk40","status":"publish","type":"product","link":"https:\/\/maszyny-cukiernicze.pl\/en\/enigma\/venona-mk40-colosus-mk40\/","title":{"rendered":"Venona MK40 + Colosus MK40"},"content":{"rendered":"<p>The COLOSUS is an innovative cooling tunnel. It is of considerable importance to note that it is 2m long, yet it successfully replaces traditional 12-16m cooling tunnels. Its container-based structure ensures ergonomic design and has significantly raised the standards of efficiency and performance of numerous bakeries.<\/p>\n<p>The Colosus performs the same work in half the time which is required by traditional tunnels. Tunnel control is integrated with the VENONA chocolate coating machine system. Its ergonomic structure and a capacity of 1 to 2 tons per twenty-four hours make the Colosus cooling tunnel preferable to all traditional cooling tunnels, which need at least 12 square meters of space., This makes it valuable for small and medium confectioneries. Its unique design allows the energy used for cooling the active surface of the tunnel to be turned into heat energy, and be reused to heat the production hall during winter.<\/p>\n<p>The Freezing unit can be placed inside the confectionery or outside the building. In consideration of the small dimensions of most confectioneries\u2019 entrances, we deliver the tunnel in parts, thereby guaranteeing easy doorway passage. The Colosus has a 2-year warranty.<\/p>\n<p>Technical Data:<\/p>\n<p>Height x width x length 240cm 115cm x 200cm<\/p>\n<p>Installed power &#8211; 3.3kW<\/p>\n<p>Power 3x400V<\/p>\n<p>PROTECTED BY POLISH PATENT<\/p>\n<p>Description:<\/p>\n<p>\u00b7 Independent electronic control<\/p>\n<p>\u00b7 Touch operation control panel, multi-language menu<\/p>\n<p>\u00b7 Easy regulation of cooling temperature<\/p>\n<p>\u00b7 Cooliing to 2oC &#8211; 0 oC<\/p>\n<p>\u00b7 The total length of conveyor belt is 12m<\/p>\n<p>\u00b7 Wide range of products for cooling<\/p>\n<p>\u00b7 Capacity of 1 &#8211; 2 tons of confectionery products a day (depending on product weight)<\/p>\n<p>\u00b7 High-quality stainless steel body<\/p>\n<p>\u00b7 Equipped with refrigerating unit<\/p>\n<p>\u00b7 Heat-insulated housing<\/p>\n<p>\u00b7 Comes with chocolate collectors<\/p>\n<p>\u00b7 Mobile unit fitted with castors and brakes<br \/>\n<figure id=\"attachment_1962\" aria-describedby=\"caption-attachment-1962\" style=\"width: 539px\" class=\"wp-caption aligncenter\"><img fetchpriority=\"high\" decoding=\"async\" class=\"size-full wp-image-1962\" src=\"https:\/\/maszyny-cukiernicze.pl\/wp-content\/uploads\/2024\/03\/sa1.jpg\" alt=\"\" width=\"539\" height=\"340\" srcset=\"https:\/\/maszyny-cukiernicze.pl\/wp-content\/uploads\/2024\/03\/sa1.jpg 539w, https:\/\/maszyny-cukiernicze.pl\/wp-content\/uploads\/2024\/03\/sa1-300x189.jpg 300w\" sizes=\"(max-width: 539px) 100vw, 539px\" \/><figcaption id=\"caption-attachment-1962\" class=\"wp-caption-text\">Venona MK40\/60 widok na siatk\u0119 transportuj\u0105c\u0105.<\/figcaption><\/figure><\/p>\n","protected":false},"excerpt":{"rendered":"<p><strong><u>Venona MK40 Colosus MK40<\/u><\/strong><br \/>\n[wpforms id=\"2166\"]<\/p>\n","protected":false},"featured_media":1957,"template":"","meta":[],"product_cat":[93,92],"product_tag":[],"class_list":{"0":"post-2136","1":"product","2":"type-product","3":"status-publish","4":"has-post-thumbnail","6":"product_cat-confectionery-depositors","7":"product_cat-machines","9":"first","10":"instock","11":"virtual","12":"product-type-simple","swatches":"rey-swatches","show_selected":""},"acf":[],"yoast_head":"<!-- This site is optimized with the Yoast SEO plugin v23.0 - https:\/\/yoast.com\/wordpress\/plugins\/seo\/ -->\n<title>Venona MK40 + Colosus MK40 - Maszyny cukiernicze<\/title>\n<meta name=\"robots\" content=\"index, follow, max-snippet:-1, max-image-preview:large, max-video-preview:-1\" \/>\n<link rel=\"canonical\" href=\"https:\/\/maszyny-cukiernicze.pl\/enigma\/venoma-mk40-colosus-mk40\/\" \/>\n<meta property=\"og:locale\" content=\"en_US\" \/>\n<meta property=\"og:type\" content=\"article\" \/>\n<meta property=\"og:title\" content=\"Venona MK40 + Colosus MK40 - Maszyny cukiernicze\" \/>\n<meta property=\"og:description\" content=\"Venona MK40 Colosus MK40\" \/>\n<meta property=\"og:url\" content=\"https:\/\/maszyny-cukiernicze.pl\/enigma\/venoma-mk40-colosus-mk40\/\" \/>\n<meta property=\"og:site_name\" content=\"Maszyny cukiernicze\" \/>\n<meta property=\"article:modified_time\" content=\"2024-06-06T12:38:36+00:00\" \/>\n<meta property=\"og:image\" content=\"https:\/\/maszyny-cukiernicze.pl\/wp-content\/uploads\/2024\/03\/col1-scaled.jpg\" \/>\n\t<meta property=\"og:image:width\" content=\"2118\" \/>\n\t<meta property=\"og:image:height\" content=\"2560\" \/>\n\t<meta property=\"og:image:type\" content=\"image\/jpeg\" \/>\n<meta name=\"twitter:card\" content=\"summary_large_image\" \/>\n<meta name=\"twitter:label1\" content=\"Est. reading time\" \/>\n\t<meta name=\"twitter:data1\" content=\"1 minute\" \/>\n<script type=\"application\/ld+json\" class=\"yoast-schema-graph\">{\"@context\":\"https:\/\/schema.org\",\"@graph\":[{\"@type\":\"WebPage\",\"@id\":\"https:\/\/maszyny-cukiernicze.pl\/enigma\/venoma-mk40-colosus-mk40\/\",\"url\":\"https:\/\/maszyny-cukiernicze.pl\/enigma\/venoma-mk40-colosus-mk40\/\",\"name\":\"Venona MK40 + Colosus MK40 - Maszyny cukiernicze\",\"isPartOf\":{\"@id\":\"https:\/\/maszyny-cukiernicze.pl\/#website\"},\"primaryImageOfPage\":{\"@id\":\"https:\/\/maszyny-cukiernicze.pl\/enigma\/venoma-mk40-colosus-mk40\/#primaryimage\"},\"image\":{\"@id\":\"https:\/\/maszyny-cukiernicze.pl\/enigma\/venoma-mk40-colosus-mk40\/#primaryimage\"},\"thumbnailUrl\":\"https:\/\/maszyny-cukiernicze.pl\/wp-content\/uploads\/2024\/03\/col1-scaled.jpg\",\"datePublished\":\"2024-06-05T21:34:27+00:00\",\"dateModified\":\"2024-06-06T12:38:36+00:00\",\"breadcrumb\":{\"@id\":\"https:\/\/maszyny-cukiernicze.pl\/enigma\/venoma-mk40-colosus-mk40\/#breadcrumb\"},\"inLanguage\":\"en-US\",\"potentialAction\":[{\"@type\":\"ReadAction\",\"target\":[\"https:\/\/maszyny-cukiernicze.pl\/enigma\/venoma-mk40-colosus-mk40\/\"]}]},{\"@type\":\"ImageObject\",\"inLanguage\":\"en-US\",\"@id\":\"https:\/\/maszyny-cukiernicze.pl\/enigma\/venoma-mk40-colosus-mk40\/#primaryimage\",\"url\":\"https:\/\/maszyny-cukiernicze.pl\/wp-content\/uploads\/2024\/03\/col1-scaled.jpg\",\"contentUrl\":\"https:\/\/maszyny-cukiernicze.pl\/wp-content\/uploads\/2024\/03\/col1-scaled.jpg\",\"width\":2118,\"height\":2560},{\"@type\":\"BreadcrumbList\",\"@id\":\"https:\/\/maszyny-cukiernicze.pl\/enigma\/venoma-mk40-colosus-mk40\/#breadcrumb\",\"itemListElement\":[{\"@type\":\"ListItem\",\"position\":1,\"name\":\"Home\",\"item\":\"https:\/\/maszyny-cukiernicze.pl\/en\/\"},{\"@type\":\"ListItem\",\"position\":2,\"name\":\"Produkty\",\"item\":\"https:\/\/maszyny-cukiernicze.pl\/shop-2__trashed\/\"},{\"@type\":\"ListItem\",\"position\":3,\"name\":\"Venona MK40 + Colosus MK40\"}]},{\"@type\":\"WebSite\",\"@id\":\"https:\/\/maszyny-cukiernicze.pl\/#website\",\"url\":\"https:\/\/maszyny-cukiernicze.pl\/\",\"name\":\"Maszyny cukiernicze\",\"description\":\"\",\"publisher\":{\"@id\":\"https:\/\/maszyny-cukiernicze.pl\/#organization\"},\"potentialAction\":[{\"@type\":\"SearchAction\",\"target\":{\"@type\":\"EntryPoint\",\"urlTemplate\":\"https:\/\/maszyny-cukiernicze.pl\/?s={search_term_string}\"},\"query-input\":\"required name=search_term_string\"}],\"inLanguage\":\"en-US\"},{\"@type\":\"Organization\",\"@id\":\"https:\/\/maszyny-cukiernicze.pl\/#organization\",\"name\":\"Maszyny cukiernicze\",\"url\":\"https:\/\/maszyny-cukiernicze.pl\/\",\"logo\":{\"@type\":\"ImageObject\",\"inLanguage\":\"en-US\",\"@id\":\"https:\/\/maszyny-cukiernicze.pl\/#\/schema\/logo\/image\/\",\"url\":\"https:\/\/maszyny-cukiernicze.pl\/wp-content\/uploads\/2024\/06\/logoen3.png\",\"contentUrl\":\"https:\/\/maszyny-cukiernicze.pl\/wp-content\/uploads\/2024\/06\/logoen3.png\",\"width\":450,\"height\":150,\"caption\":\"Maszyny cukiernicze\"},\"image\":{\"@id\":\"https:\/\/maszyny-cukiernicze.pl\/#\/schema\/logo\/image\/\"}}]}<\/script>\n<!-- \/ Yoast SEO plugin. -->","yoast_head_json":{"title":"Venona MK40 + Colosus MK40 - Maszyny cukiernicze","robots":{"index":"index","follow":"follow","max-snippet":"max-snippet:-1","max-image-preview":"max-image-preview:large","max-video-preview":"max-video-preview:-1"},"canonical":"https:\/\/maszyny-cukiernicze.pl\/enigma\/venoma-mk40-colosus-mk40\/","og_locale":"en_US","og_type":"article","og_title":"Venona MK40 + Colosus MK40 - Maszyny cukiernicze","og_description":"Venona MK40 Colosus MK40","og_url":"https:\/\/maszyny-cukiernicze.pl\/enigma\/venoma-mk40-colosus-mk40\/","og_site_name":"Maszyny cukiernicze","article_modified_time":"2024-06-06T12:38:36+00:00","og_image":[{"width":2118,"height":2560,"url":"https:\/\/maszyny-cukiernicze.pl\/wp-content\/uploads\/2024\/03\/col1-scaled.jpg","type":"image\/jpeg"}],"twitter_card":"summary_large_image","twitter_misc":{"Est. reading time":"1 minute"},"schema":{"@context":"https:\/\/schema.org","@graph":[{"@type":"WebPage","@id":"https:\/\/maszyny-cukiernicze.pl\/enigma\/venoma-mk40-colosus-mk40\/","url":"https:\/\/maszyny-cukiernicze.pl\/enigma\/venoma-mk40-colosus-mk40\/","name":"Venona MK40 + Colosus MK40 - Maszyny cukiernicze","isPartOf":{"@id":"https:\/\/maszyny-cukiernicze.pl\/#website"},"primaryImageOfPage":{"@id":"https:\/\/maszyny-cukiernicze.pl\/enigma\/venoma-mk40-colosus-mk40\/#primaryimage"},"image":{"@id":"https:\/\/maszyny-cukiernicze.pl\/enigma\/venoma-mk40-colosus-mk40\/#primaryimage"},"thumbnailUrl":"https:\/\/maszyny-cukiernicze.pl\/wp-content\/uploads\/2024\/03\/col1-scaled.jpg","datePublished":"2024-06-05T21:34:27+00:00","dateModified":"2024-06-06T12:38:36+00:00","breadcrumb":{"@id":"https:\/\/maszyny-cukiernicze.pl\/enigma\/venoma-mk40-colosus-mk40\/#breadcrumb"},"inLanguage":"en-US","potentialAction":[{"@type":"ReadAction","target":["https:\/\/maszyny-cukiernicze.pl\/enigma\/venoma-mk40-colosus-mk40\/"]}]},{"@type":"ImageObject","inLanguage":"en-US","@id":"https:\/\/maszyny-cukiernicze.pl\/enigma\/venoma-mk40-colosus-mk40\/#primaryimage","url":"https:\/\/maszyny-cukiernicze.pl\/wp-content\/uploads\/2024\/03\/col1-scaled.jpg","contentUrl":"https:\/\/maszyny-cukiernicze.pl\/wp-content\/uploads\/2024\/03\/col1-scaled.jpg","width":2118,"height":2560},{"@type":"BreadcrumbList","@id":"https:\/\/maszyny-cukiernicze.pl\/enigma\/venoma-mk40-colosus-mk40\/#breadcrumb","itemListElement":[{"@type":"ListItem","position":1,"name":"Home","item":"https:\/\/maszyny-cukiernicze.pl\/en\/"},{"@type":"ListItem","position":2,"name":"Produkty","item":"https:\/\/maszyny-cukiernicze.pl\/shop-2__trashed\/"},{"@type":"ListItem","position":3,"name":"Venona MK40 + Colosus MK40"}]},{"@type":"WebSite","@id":"https:\/\/maszyny-cukiernicze.pl\/#website","url":"https:\/\/maszyny-cukiernicze.pl\/","name":"Maszyny cukiernicze","description":"","publisher":{"@id":"https:\/\/maszyny-cukiernicze.pl\/#organization"},"potentialAction":[{"@type":"SearchAction","target":{"@type":"EntryPoint","urlTemplate":"https:\/\/maszyny-cukiernicze.pl\/?s={search_term_string}"},"query-input":"required name=search_term_string"}],"inLanguage":"en-US"},{"@type":"Organization","@id":"https:\/\/maszyny-cukiernicze.pl\/#organization","name":"Maszyny cukiernicze","url":"https:\/\/maszyny-cukiernicze.pl\/","logo":{"@type":"ImageObject","inLanguage":"en-US","@id":"https:\/\/maszyny-cukiernicze.pl\/#\/schema\/logo\/image\/","url":"https:\/\/maszyny-cukiernicze.pl\/wp-content\/uploads\/2024\/06\/logoen3.png","contentUrl":"https:\/\/maszyny-cukiernicze.pl\/wp-content\/uploads\/2024\/06\/logoen3.png","width":450,"height":150,"caption":"Maszyny cukiernicze"},"image":{"@id":"https:\/\/maszyny-cukiernicze.pl\/#\/schema\/logo\/image\/"}}]}},"_links":{"self":[{"href":"https:\/\/maszyny-cukiernicze.pl\/en\/wp-json\/wp\/v2\/product\/2136","targetHints":{"allow":["GET"]}}],"collection":[{"href":"https:\/\/maszyny-cukiernicze.pl\/en\/wp-json\/wp\/v2\/product"}],"about":[{"href":"https:\/\/maszyny-cukiernicze.pl\/en\/wp-json\/wp\/v2\/types\/product"}],"wp:featuredmedia":[{"embeddable":true,"href":"https:\/\/maszyny-cukiernicze.pl\/en\/wp-json\/wp\/v2\/media\/1957"}],"wp:attachment":[{"href":"https:\/\/maszyny-cukiernicze.pl\/en\/wp-json\/wp\/v2\/media?parent=2136"}],"wp:term":[{"taxonomy":"product_cat","embeddable":true,"href":"https:\/\/maszyny-cukiernicze.pl\/en\/wp-json\/wp\/v2\/product_cat?post=2136"},{"taxonomy":"product_tag","embeddable":true,"href":"https:\/\/maszyny-cukiernicze.pl\/en\/wp-json\/wp\/v2\/product_tag?post=2136"}],"curies":[{"name":"wp","href":"https:\/\/api.w.org\/{rel}","templated":true}]}}