{"id":2137,"date":"2024-06-05T23:39:36","date_gmt":"2024-06-05T21:39:36","guid":{"rendered":"https:\/\/maszyny-cukiernicze.pl\/produkt\/samurai-gmk-300\/"},"modified":"2024-06-06T14:46:59","modified_gmt":"2024-06-06T12:46:59","slug":"samurai-gmk-300","status":"publish","type":"product","link":"https:\/\/maszyny-cukiernicze.pl\/en\/enigma\/samurai-gmk-300\/","title":{"rendered":"SAMURAI GMK-300"},"content":{"rendered":"<p><img fetchpriority=\"high\" decoding=\"async\" class=\"alignnone size-full wp-image-1940\" src=\"https:\/\/maszyny-cukiernicze.pl\/wp-content\/uploads\/2024\/03\/a1.jpg\" alt=\"\" width=\"1487\" height=\"493\" srcset=\"https:\/\/maszyny-cukiernicze.pl\/wp-content\/uploads\/2024\/03\/a1.jpg 1487w, https:\/\/maszyny-cukiernicze.pl\/wp-content\/uploads\/2024\/03\/a1-300x99.jpg 300w, https:\/\/maszyny-cukiernicze.pl\/wp-content\/uploads\/2024\/03\/a1-1024x339.jpg 1024w, https:\/\/maszyny-cukiernicze.pl\/wp-content\/uploads\/2024\/03\/a1-768x255.jpg 768w, https:\/\/maszyny-cukiernicze.pl\/wp-content\/uploads\/2024\/03\/a1-600x199.jpg 600w, https:\/\/maszyny-cukiernicze.pl\/wp-content\/uploads\/2024\/03\/a1-800x265.jpg 800w\" sizes=\"(max-width: 1487px) 100vw, 1487px\" \/><\/p>\n<p>Obszar ci\u0119cia ultrad\u017awi\u0119kowego wynosi 600&#215;400 mm.<\/p>\n<p>Dla tego modelu jest to maksymalny rozmiar prostok\u0105tnych lub okr\u0105g\u0142ych produkt\u00f3w, kt\u00f3re mo\u017cna umie\u015bci\u0107 na tej p\u0142aszczy\u017anie. D\u0142ugo\u015b\u0107 no\u017ca ultrad\u017awi\u0119kowego w tym modelu wynosi 300 mm. Je\u015bli okr\u0105g\u0142y tort ma wi\u0119ksz\u0105 \u015brednic\u0119, jest ci\u0119ty w dw\u00f3ch etapach.<\/p>\n<p>Maksymalna wysoko\u015b\u0107 produktu dla Samurai GMK-300 wynosi 70 mm.<\/p>\n<p>Je\u015bli produkt wymaga wi\u0119kszej powierzchni ci\u0119cia, a co za tym idzie d\u0142u\u017cszego no\u017ca lub ma wysoko\u015b\u0107 wi\u0119ksz\u0105 ni\u017c 70 mm, zaproponujemy inne rozwi\u0105zania &#8211; Specjalnie dostosowane do specyfikacji klienta.<\/p>\n<p>Nale\u017cy zaznaczy\u0107, \u017ce Samurai GMK-300 jest w minimalnym stopniu zale\u017cny od czynnika ludzkiego. Dzi\u0119ki temu, \u017ce nasz n\u00f3\u017c ultrad\u017awi\u0119kowy \u201ewyszukuje\u201d produkt w strefie ci\u0119cia, mierzy go, znajduje \u015brodek i tnie precyzyjnie zgodnie z poleceniem programu, nie ma obaw, \u017ce produkt nieumieszczony dok\u0142adnie w wyra\u017anie wyznaczonym miejscu zostanie \u017ale pokrojony. Wystarczy umie\u015bci\u0107 produkt w dowolnym miejscu w strefie ci\u0119cia.<\/p>\n<p><img decoding=\"async\" class=\"alignnone size-full wp-image-1942\" src=\"https:\/\/maszyny-cukiernicze.pl\/wp-content\/uploads\/2024\/03\/ad2.jpg\" alt=\"\" width=\"1411\" height=\"293\" srcset=\"https:\/\/maszyny-cukiernicze.pl\/wp-content\/uploads\/2024\/03\/ad2.jpg 1411w, https:\/\/maszyny-cukiernicze.pl\/wp-content\/uploads\/2024\/03\/ad2-300x62.jpg 300w, https:\/\/maszyny-cukiernicze.pl\/wp-content\/uploads\/2024\/03\/ad2-1024x213.jpg 1024w, https:\/\/maszyny-cukiernicze.pl\/wp-content\/uploads\/2024\/03\/ad2-768x159.jpg 768w, https:\/\/maszyny-cukiernicze.pl\/wp-content\/uploads\/2024\/03\/ad2-600x125.jpg 600w, https:\/\/maszyny-cukiernicze.pl\/wp-content\/uploads\/2024\/03\/ad2-800x166.jpg 800w\" sizes=\"(max-width: 1411px) 100vw, 1411px\" \/><img decoding=\"async\" class=\"alignnone size-full wp-image-1944\" src=\"https:\/\/maszyny-cukiernicze.pl\/wp-content\/uploads\/2024\/03\/ad2a.jpg\" alt=\"\" width=\"1411\" height=\"293\" srcset=\"https:\/\/maszyny-cukiernicze.pl\/wp-content\/uploads\/2024\/03\/ad2a.jpg 1411w, https:\/\/maszyny-cukiernicze.pl\/wp-content\/uploads\/2024\/03\/ad2a-300x62.jpg 300w, https:\/\/maszyny-cukiernicze.pl\/wp-content\/uploads\/2024\/03\/ad2a-1024x213.jpg 1024w, https:\/\/maszyny-cukiernicze.pl\/wp-content\/uploads\/2024\/03\/ad2a-768x159.jpg 768w, https:\/\/maszyny-cukiernicze.pl\/wp-content\/uploads\/2024\/03\/ad2a-600x125.jpg 600w, https:\/\/maszyny-cukiernicze.pl\/wp-content\/uploads\/2024\/03\/ad2a-800x166.jpg 800w\" sizes=\"(max-width: 1411px) 100vw, 1411px\" \/><\/p>\n<p><strong>Samurai GMK-300 ma zwart\u0105 konstrukcj\u0119:<\/strong><\/p>\n<p><img loading=\"lazy\" decoding=\"async\" class=\"alignnone size-full wp-image-1946\" src=\"https:\/\/maszyny-cukiernicze.pl\/wp-content\/uploads\/2024\/03\/ad2a2.jpg\" alt=\"\" width=\"2258\" height=\"1138\" srcset=\"https:\/\/maszyny-cukiernicze.pl\/wp-content\/uploads\/2024\/03\/ad2a2.jpg 2258w, https:\/\/maszyny-cukiernicze.pl\/wp-content\/uploads\/2024\/03\/ad2a2-300x151.jpg 300w, https:\/\/maszyny-cukiernicze.pl\/wp-content\/uploads\/2024\/03\/ad2a2-1024x516.jpg 1024w, https:\/\/maszyny-cukiernicze.pl\/wp-content\/uploads\/2024\/03\/ad2a2-768x387.jpg 768w, https:\/\/maszyny-cukiernicze.pl\/wp-content\/uploads\/2024\/03\/ad2a2-1536x774.jpg 1536w, https:\/\/maszyny-cukiernicze.pl\/wp-content\/uploads\/2024\/03\/ad2a2-2048x1032.jpg 2048w, https:\/\/maszyny-cukiernicze.pl\/wp-content\/uploads\/2024\/03\/ad2a2-600x302.jpg 600w, https:\/\/maszyny-cukiernicze.pl\/wp-content\/uploads\/2024\/03\/ad2a2-800x403.jpg 800w\" sizes=\"(max-width: 2258px) 100vw, 2258px\" \/><\/p>\n<p>W podstawowej konfiguracji krajalnica jest wyposa\u017cona w<strong> automatyczne urz\u0105dzenie do mycia i suszenia no\u017cy.<\/strong><\/p>\n<p>Dzi\u0119ki temu n\u00f3\u017c jest automatycznie myty i b\u0142yskawicznie suszony tak cz\u0119sto, jak wymaga tego dany produkt, zgodnie z wybranym programem.<\/p>\n<p><strong>Uwaga: stanowisko mycia powinno mie\u0107 doprowadzenie bie\u017c\u0105cej wody, do suszenia i ch\u0142odzenia no\u017ca \u2013 doprowadzenie spr\u0119\u017conego powietrza (ci\u015bnienie 6 bar, zu\u017cycie 50 l\/min.).<\/strong><\/p>\n<p><strong>SPECYFIKACJA TECHNICZNA:<\/strong><\/p>\n<p>Maksymalne wymiary produktu*, [mm]<\/p>\n<p>Szeroko\u015b\u0107 [mm]: 400<\/p>\n<p>D\u0142ugo\u015b\u0107 [mm]: 600<\/p>\n<p>Wysoko\u015b\u0107 [mm]: 700<\/p>\n<p>Moc [kW]: 2.0<\/p>\n<p>Napi\u0119cie [V\/ f\/ Hz]: 380\/ 3\/ 50<\/p>\n<p>* inne rozmiary produkt\u00f3w s\u0105 omawiane przy sk\u0142adaniu zam\u00f3wienia.<\/p>\n<p><img loading=\"lazy\" decoding=\"async\" class=\"size-full wp-image-1949 alignleft\" src=\"https:\/\/maszyny-cukiernicze.pl\/wp-content\/uploads\/2024\/03\/ad2a2b.jpg\" alt=\"\" width=\"344\" height=\"348\" srcset=\"https:\/\/maszyny-cukiernicze.pl\/wp-content\/uploads\/2024\/03\/ad2a2b.jpg 344w, https:\/\/maszyny-cukiernicze.pl\/wp-content\/uploads\/2024\/03\/ad2a2b-297x300.jpg 297w, https:\/\/maszyny-cukiernicze.pl\/wp-content\/uploads\/2024\/03\/ad2a2b-100x100.jpg 100w\" sizes=\"(max-width: 344px) 100vw, 344px\" \/><\/p>\n<p style=\"text-align: left;\">&#8211; obr\u00f3t no\u017ca ultrad\u017awi\u0119kowego uruchamiany serwomotorem;<\/p>\n<p style=\"text-align: left;\">&#8211; pionowy ruch no\u017ca uruchamiany serwomotorem;<\/p>\n<p style=\"text-align: left;\">&#8211; ostrze\u00a0 no\u017ca ultrad\u017awi\u0119kowego wykonane jest z wysokiej jako\u015bci tytanu;<\/p>\n<p style=\"text-align: left;\">&#8211; maszyna przeznaczona jest do krojenia produkt\u00f3w na kawa\u0142ki,<br \/>\nokr\u0105g\u0142ych i\u00a0 prostok\u0105tnych, zar\u00f3wno \u015bwie\u017cych, jak i mro\u017conych, o r\u00f3\u017cnych kszta\u0142tach i rozmiarach;<\/p>\n<p style=\"text-align: left;\">\u00a0&#8211; krojenie produktu umieszczonego w p\u0142aszczy\u017anie strefy krojenia jest mo\u017cliwe na dowolnej p\u0142askiej powierzchni;<\/p>\n<p style=\"text-align: left;\">&#8211; n\u00f3\u017c wyposa\u017cony jest w czujnik po\u0142o\u017cenia produktu, dzi\u0119ki czemu automatycznie identyfikuje produkt, odnajduje jego \u015brodek i rozpoczyna ci\u0119cie zgodnie z ustawionym programem;<\/p>\n<p style=\"text-align: left;\">&#8211; w zestawie automatyczne urz\u0105dzenie do mycia i suszenia no\u017cy;<\/p>\n<p style=\"text-align: left;\">&#8211; pr\u0119dko\u015b\u0107 ci\u0119cia: 1 ci\u0119cie na sekund\u0119. Wydajno\u015b\u0107 ci\u0119cia zale\u017cy od wielko\u015bci produktu oraz wielko\u015bci i ilo\u015bci ci\u0119tych kawa\u0142k\u00f3w.<\/p>\n<p style=\"text-align: left;\">&#8211; dotykowy panel sterowania z wieloj\u0119zycznym menu;<\/p>\n<p style=\"text-align: left;\">&#8211; konstrukcja na k\u00f3\u0142kach wykonana w ca\u0142o\u015bci z wysokiej jako\u015bci stali nierdzewnej;<\/p>\n<p style=\"text-align: left;\">&#8211; szafka elektryczna jest zintegrowana z korpusem maszyny;<\/p>\n<p style=\"text-align: left;\">&#8211; optyczne czujniki bezpiecze\u0144stwa.<\/p>\n","protected":false},"excerpt":{"rendered":"<p><strong>KRAJALNICA ULTRASONICZNA DO CIAST\u00a0 I TORT\u00d3W <\/strong><strong>SAMURAI GMK-300<\/strong><\/p>\n[wpforms id=\"2166\"]\n","protected":false},"featured_media":1935,"template":"","meta":[],"product_cat":[93,92],"product_tag":[],"class_list":{"0":"post-2137","1":"product","2":"type-product","3":"status-publish","4":"has-post-thumbnail","6":"product_cat-confectionery-depositors","7":"product_cat-machines","9":"first","10":"instock","11":"virtual","12":"product-type-simple","swatches":"rey-swatches","show_selected":""},"acf":[],"yoast_head":"<!-- This site is optimized with the Yoast SEO plugin v23.0 - https:\/\/yoast.com\/wordpress\/plugins\/seo\/ -->\n<title>SAMURAI GMK-300 - Maszyny cukiernicze<\/title>\n<meta name=\"robots\" content=\"index, follow, max-snippet:-1, max-image-preview:large, max-video-preview:-1\" \/>\n<link rel=\"canonical\" href=\"https:\/\/maszyny-cukiernicze.pl\/enigma\/samurai-gmk-300\/\" \/>\n<meta property=\"og:locale\" content=\"en_US\" \/>\n<meta property=\"og:type\" content=\"article\" \/>\n<meta property=\"og:title\" content=\"SAMURAI GMK-300 - Maszyny cukiernicze\" \/>\n<meta property=\"og:description\" content=\"KRAJALNICA ULTRASONICZNA DO CIAST\u00a0 I TORT\u00d3W SAMURAI GMK-300\" \/>\n<meta property=\"og:url\" content=\"https:\/\/maszyny-cukiernicze.pl\/enigma\/samurai-gmk-300\/\" \/>\n<meta property=\"og:site_name\" content=\"Maszyny cukiernicze\" \/>\n<meta property=\"article:modified_time\" content=\"2024-06-06T12:46:59+00:00\" \/>\n<meta property=\"og:image\" content=\"https:\/\/maszyny-cukiernicze.pl\/wp-content\/uploads\/2024\/03\/samurai1.jpg\" \/>\n\t<meta property=\"og:image:width\" content=\"1200\" \/>\n\t<meta property=\"og:image:height\" content=\"1200\" \/>\n\t<meta property=\"og:image:type\" content=\"image\/jpeg\" \/>\n<meta name=\"twitter:card\" content=\"summary_large_image\" \/>\n<meta name=\"twitter:label1\" content=\"Est. reading time\" \/>\n\t<meta name=\"twitter:data1\" content=\"2 minutes\" \/>\n<script type=\"application\/ld+json\" class=\"yoast-schema-graph\">{\"@context\":\"https:\/\/schema.org\",\"@graph\":[{\"@type\":\"WebPage\",\"@id\":\"https:\/\/maszyny-cukiernicze.pl\/enigma\/samurai-gmk-300\/\",\"url\":\"https:\/\/maszyny-cukiernicze.pl\/enigma\/samurai-gmk-300\/\",\"name\":\"SAMURAI GMK-300 - Maszyny cukiernicze\",\"isPartOf\":{\"@id\":\"https:\/\/maszyny-cukiernicze.pl\/#website\"},\"primaryImageOfPage\":{\"@id\":\"https:\/\/maszyny-cukiernicze.pl\/enigma\/samurai-gmk-300\/#primaryimage\"},\"image\":{\"@id\":\"https:\/\/maszyny-cukiernicze.pl\/enigma\/samurai-gmk-300\/#primaryimage\"},\"thumbnailUrl\":\"https:\/\/maszyny-cukiernicze.pl\/wp-content\/uploads\/2024\/03\/samurai1.jpg\",\"datePublished\":\"2024-06-05T21:39:36+00:00\",\"dateModified\":\"2024-06-06T12:46:59+00:00\",\"breadcrumb\":{\"@id\":\"https:\/\/maszyny-cukiernicze.pl\/enigma\/samurai-gmk-300\/#breadcrumb\"},\"inLanguage\":\"en-US\",\"potentialAction\":[{\"@type\":\"ReadAction\",\"target\":[\"https:\/\/maszyny-cukiernicze.pl\/enigma\/samurai-gmk-300\/\"]}]},{\"@type\":\"ImageObject\",\"inLanguage\":\"en-US\",\"@id\":\"https:\/\/maszyny-cukiernicze.pl\/enigma\/samurai-gmk-300\/#primaryimage\",\"url\":\"https:\/\/maszyny-cukiernicze.pl\/wp-content\/uploads\/2024\/03\/samurai1.jpg\",\"contentUrl\":\"https:\/\/maszyny-cukiernicze.pl\/wp-content\/uploads\/2024\/03\/samurai1.jpg\",\"width\":1200,\"height\":1200},{\"@type\":\"BreadcrumbList\",\"@id\":\"https:\/\/maszyny-cukiernicze.pl\/enigma\/samurai-gmk-300\/#breadcrumb\",\"itemListElement\":[{\"@type\":\"ListItem\",\"position\":1,\"name\":\"Home\",\"item\":\"https:\/\/maszyny-cukiernicze.pl\/en\/\"},{\"@type\":\"ListItem\",\"position\":2,\"name\":\"Produkty\",\"item\":\"https:\/\/maszyny-cukiernicze.pl\/shop-2__trashed\/\"},{\"@type\":\"ListItem\",\"position\":3,\"name\":\"SAMURAI GMK-300\"}]},{\"@type\":\"WebSite\",\"@id\":\"https:\/\/maszyny-cukiernicze.pl\/#website\",\"url\":\"https:\/\/maszyny-cukiernicze.pl\/\",\"name\":\"Maszyny cukiernicze\",\"description\":\"\",\"publisher\":{\"@id\":\"https:\/\/maszyny-cukiernicze.pl\/#organization\"},\"potentialAction\":[{\"@type\":\"SearchAction\",\"target\":{\"@type\":\"EntryPoint\",\"urlTemplate\":\"https:\/\/maszyny-cukiernicze.pl\/?s={search_term_string}\"},\"query-input\":\"required name=search_term_string\"}],\"inLanguage\":\"en-US\"},{\"@type\":\"Organization\",\"@id\":\"https:\/\/maszyny-cukiernicze.pl\/#organization\",\"name\":\"Maszyny cukiernicze\",\"url\":\"https:\/\/maszyny-cukiernicze.pl\/\",\"logo\":{\"@type\":\"ImageObject\",\"inLanguage\":\"en-US\",\"@id\":\"https:\/\/maszyny-cukiernicze.pl\/#\/schema\/logo\/image\/\",\"url\":\"https:\/\/maszyny-cukiernicze.pl\/wp-content\/uploads\/2024\/06\/logoen3.png\",\"contentUrl\":\"https:\/\/maszyny-cukiernicze.pl\/wp-content\/uploads\/2024\/06\/logoen3.png\",\"width\":450,\"height\":150,\"caption\":\"Maszyny cukiernicze\"},\"image\":{\"@id\":\"https:\/\/maszyny-cukiernicze.pl\/#\/schema\/logo\/image\/\"}}]}<\/script>\n<!-- \/ Yoast SEO plugin. -->","yoast_head_json":{"title":"SAMURAI GMK-300 - Maszyny cukiernicze","robots":{"index":"index","follow":"follow","max-snippet":"max-snippet:-1","max-image-preview":"max-image-preview:large","max-video-preview":"max-video-preview:-1"},"canonical":"https:\/\/maszyny-cukiernicze.pl\/enigma\/samurai-gmk-300\/","og_locale":"en_US","og_type":"article","og_title":"SAMURAI GMK-300 - Maszyny cukiernicze","og_description":"KRAJALNICA ULTRASONICZNA DO CIAST\u00a0 I TORT\u00d3W SAMURAI GMK-300","og_url":"https:\/\/maszyny-cukiernicze.pl\/enigma\/samurai-gmk-300\/","og_site_name":"Maszyny cukiernicze","article_modified_time":"2024-06-06T12:46:59+00:00","og_image":[{"width":1200,"height":1200,"url":"https:\/\/maszyny-cukiernicze.pl\/wp-content\/uploads\/2024\/03\/samurai1.jpg","type":"image\/jpeg"}],"twitter_card":"summary_large_image","twitter_misc":{"Est. reading time":"2 minutes"},"schema":{"@context":"https:\/\/schema.org","@graph":[{"@type":"WebPage","@id":"https:\/\/maszyny-cukiernicze.pl\/enigma\/samurai-gmk-300\/","url":"https:\/\/maszyny-cukiernicze.pl\/enigma\/samurai-gmk-300\/","name":"SAMURAI GMK-300 - Maszyny cukiernicze","isPartOf":{"@id":"https:\/\/maszyny-cukiernicze.pl\/#website"},"primaryImageOfPage":{"@id":"https:\/\/maszyny-cukiernicze.pl\/enigma\/samurai-gmk-300\/#primaryimage"},"image":{"@id":"https:\/\/maszyny-cukiernicze.pl\/enigma\/samurai-gmk-300\/#primaryimage"},"thumbnailUrl":"https:\/\/maszyny-cukiernicze.pl\/wp-content\/uploads\/2024\/03\/samurai1.jpg","datePublished":"2024-06-05T21:39:36+00:00","dateModified":"2024-06-06T12:46:59+00:00","breadcrumb":{"@id":"https:\/\/maszyny-cukiernicze.pl\/enigma\/samurai-gmk-300\/#breadcrumb"},"inLanguage":"en-US","potentialAction":[{"@type":"ReadAction","target":["https:\/\/maszyny-cukiernicze.pl\/enigma\/samurai-gmk-300\/"]}]},{"@type":"ImageObject","inLanguage":"en-US","@id":"https:\/\/maszyny-cukiernicze.pl\/enigma\/samurai-gmk-300\/#primaryimage","url":"https:\/\/maszyny-cukiernicze.pl\/wp-content\/uploads\/2024\/03\/samurai1.jpg","contentUrl":"https:\/\/maszyny-cukiernicze.pl\/wp-content\/uploads\/2024\/03\/samurai1.jpg","width":1200,"height":1200},{"@type":"BreadcrumbList","@id":"https:\/\/maszyny-cukiernicze.pl\/enigma\/samurai-gmk-300\/#breadcrumb","itemListElement":[{"@type":"ListItem","position":1,"name":"Home","item":"https:\/\/maszyny-cukiernicze.pl\/en\/"},{"@type":"ListItem","position":2,"name":"Produkty","item":"https:\/\/maszyny-cukiernicze.pl\/shop-2__trashed\/"},{"@type":"ListItem","position":3,"name":"SAMURAI GMK-300"}]},{"@type":"WebSite","@id":"https:\/\/maszyny-cukiernicze.pl\/#website","url":"https:\/\/maszyny-cukiernicze.pl\/","name":"Maszyny cukiernicze","description":"","publisher":{"@id":"https:\/\/maszyny-cukiernicze.pl\/#organization"},"potentialAction":[{"@type":"SearchAction","target":{"@type":"EntryPoint","urlTemplate":"https:\/\/maszyny-cukiernicze.pl\/?s={search_term_string}"},"query-input":"required name=search_term_string"}],"inLanguage":"en-US"},{"@type":"Organization","@id":"https:\/\/maszyny-cukiernicze.pl\/#organization","name":"Maszyny cukiernicze","url":"https:\/\/maszyny-cukiernicze.pl\/","logo":{"@type":"ImageObject","inLanguage":"en-US","@id":"https:\/\/maszyny-cukiernicze.pl\/#\/schema\/logo\/image\/","url":"https:\/\/maszyny-cukiernicze.pl\/wp-content\/uploads\/2024\/06\/logoen3.png","contentUrl":"https:\/\/maszyny-cukiernicze.pl\/wp-content\/uploads\/2024\/06\/logoen3.png","width":450,"height":150,"caption":"Maszyny cukiernicze"},"image":{"@id":"https:\/\/maszyny-cukiernicze.pl\/#\/schema\/logo\/image\/"}}]}},"_links":{"self":[{"href":"https:\/\/maszyny-cukiernicze.pl\/en\/wp-json\/wp\/v2\/product\/2137","targetHints":{"allow":["GET"]}}],"collection":[{"href":"https:\/\/maszyny-cukiernicze.pl\/en\/wp-json\/wp\/v2\/product"}],"about":[{"href":"https:\/\/maszyny-cukiernicze.pl\/en\/wp-json\/wp\/v2\/types\/product"}],"wp:featuredmedia":[{"embeddable":true,"href":"https:\/\/maszyny-cukiernicze.pl\/en\/wp-json\/wp\/v2\/media\/1935"}],"wp:attachment":[{"href":"https:\/\/maszyny-cukiernicze.pl\/en\/wp-json\/wp\/v2\/media?parent=2137"}],"wp:term":[{"taxonomy":"product_cat","embeddable":true,"href":"https:\/\/maszyny-cukiernicze.pl\/en\/wp-json\/wp\/v2\/product_cat?post=2137"},{"taxonomy":"product_tag","embeddable":true,"href":"https:\/\/maszyny-cukiernicze.pl\/en\/wp-json\/wp\/v2\/product_tag?post=2137"}],"curies":[{"name":"wp","href":"https:\/\/api.w.org\/{rel}","templated":true}]}}