{"id":2140,"date":"2024-06-05T23:55:37","date_gmt":"2024-06-05T21:55:37","guid":{"rendered":"https:\/\/maszyny-cukiernicze.pl\/produkt\/piston-mk6-piston-mk8\/"},"modified":"2024-06-06T15:12:22","modified_gmt":"2024-06-06T13:12:22","slug":"piston-mk6-piston-mk8","status":"publish","type":"product","link":"https:\/\/maszyny-cukiernicze.pl\/en\/enigma\/piston-mk6-piston-mk8\/","title":{"rendered":"PISTON MK6 \/ PISTON MK8"},"content":{"rendered":"<p>MODEL:\u00a0 <strong>PISTON<\/strong><\/p>\n<p>TYP:\u00a0\u00a0\u00a0\u00a0\u00a0\u00a0\u00a0\u00a0 <strong>MK 6 LUB MK8<\/strong><\/p>\n<p>Zasilanie:\u00a0 <strong>3 x 400 V<\/strong><\/p>\n<p>Waga:\u00a0\u00a0\u00a0\u00a0\u00a0\u00a0 <strong>640 kg<\/strong><\/p>\n<p><u>Urz\u0105dzenia posiadaj\u0105:<\/u><\/p>\n<ul>\n<li>niezale\u017cne komputerowe sterowanie,<\/li>\n<li>zasobnik na dozowan\u0105 mas\u0119,<\/li>\n<li>g\u0142owic\u0119 wielot\u0142okow\u0105 do dozowania masy cukierniczej.<\/li>\n<\/ul>\n<p><u>PISTON MK6 I PISTON MK8<\/u><\/p>\n<ul>\n<li>s\u0142u\u017c\u0105 do precyzyjnego nak\u0142adania i dozowania ciast i mas cukierniczych;<\/li>\n<li>charakteryzuj\u0105 si\u0119 bardzo wysok\u0105 wydajno\u015bci\u0105 i powtarzalno\u015bci\u0105 wyrob\u00f3w.<\/li>\n<\/ul>\n<p>&nbsp;<\/p>\n<div id='gallery-1' class='gallery galleryid-2140 gallery-columns-2 gallery-size-large'><figure class='gallery-item'>\n\t\t\t<div class='gallery-icon landscape'>\n\t\t\t\t<a href='https:\/\/maszyny-cukiernicze.pl\/wp-content\/uploads\/2024\/03\/sc2.jpg'><img fetchpriority=\"high\" decoding=\"async\" width=\"540\" height=\"508\" src=\"https:\/\/maszyny-cukiernicze.pl\/wp-content\/uploads\/2024\/03\/sc2.jpg\" class=\"attachment-large size-large\" alt=\"\" srcset=\"https:\/\/maszyny-cukiernicze.pl\/wp-content\/uploads\/2024\/03\/sc2.jpg 540w, https:\/\/maszyny-cukiernicze.pl\/wp-content\/uploads\/2024\/03\/sc2-300x282.jpg 300w\" sizes=\"(max-width: 540px) 100vw, 540px\" \/><\/a>\n\t\t\t<\/div><\/figure><figure class='gallery-item'>\n\t\t\t<div class='gallery-icon landscape'>\n\t\t\t\t<a href='https:\/\/maszyny-cukiernicze.pl\/wp-content\/uploads\/2024\/03\/sc1.jpg'><img decoding=\"async\" width=\"952\" height=\"845\" src=\"https:\/\/maszyny-cukiernicze.pl\/wp-content\/uploads\/2024\/03\/sc1.jpg\" class=\"attachment-large size-large\" alt=\"\" srcset=\"https:\/\/maszyny-cukiernicze.pl\/wp-content\/uploads\/2024\/03\/sc1.jpg 952w, https:\/\/maszyny-cukiernicze.pl\/wp-content\/uploads\/2024\/03\/sc1-300x266.jpg 300w, https:\/\/maszyny-cukiernicze.pl\/wp-content\/uploads\/2024\/03\/sc1-768x682.jpg 768w, https:\/\/maszyny-cukiernicze.pl\/wp-content\/uploads\/2024\/03\/sc1-600x533.jpg 600w, https:\/\/maszyny-cukiernicze.pl\/wp-content\/uploads\/2024\/03\/sc1-800x710.jpg 800w\" sizes=\"(max-width: 952px) 100vw, 952px\" \/><\/a>\n\t\t\t<\/div><\/figure>\n\t\t<\/div>\n\n<p><strong>Uprzejmie zach\u0119camy do klikni\u0119cia w link poni\u017cej i obejrzenia kr\u00f3tkiego filmiku, przedstawiaj\u0105cego prac\u0119 naszej maszyny:<\/strong><\/p>\n<!--[if lt IE 9]><script>document.createElement('video');<\/script><![endif]-->\n\t<div class=\"wp-playlist wp-video-playlist wp-playlist-light\">\n\t\t<video controls=\"controls\" preload=\"none\" width=\"1388\"\n\t\t height=\"781\"\t><\/video>\n\t<div class=\"wp-playlist-next\"><\/div>\n\t<div class=\"wp-playlist-prev\"><\/div>\n\t<noscript>\n\t<ol>\n\t\t<li><a href='https:\/\/maszyny-cukiernicze.pl\/wp-content\/uploads\/2024\/03\/PISTON-Cream-Applying-Device-Enigma-Bakery-Equipment.mp4'>PISTON - Cream Applying Device Enigma Bakery Equipment<\/a><\/li>\t<\/ol>\n\t<\/noscript>\n\t<script type=\"application\/json\" class=\"wp-playlist-script\">{\"type\":\"video\",\"tracklist\":true,\"tracknumbers\":true,\"images\":true,\"artists\":true,\"tracks\":[{\"src\":\"https:\\\/\\\/maszyny-cukiernicze.pl\\\/wp-content\\\/uploads\\\/2024\\\/03\\\/PISTON-Cream-Applying-Device-Enigma-Bakery-Equipment.mp4\",\"type\":\"video\\\/mp4\",\"title\":\"PISTON - Cream Applying Device Enigma Bakery Equipment\",\"caption\":\"\",\"description\":\"\",\"meta\":{\"length_formatted\":\"2:52\"},\"dimensions\":{\"original\":{\"width\":1280,\"height\":720},\"resized\":{\"width\":1388,\"height\":781}},\"image\":{\"src\":\"https:\\\/\\\/maszyny-cukiernicze.pl\\\/wp-includes\\\/images\\\/media\\\/video.svg\",\"width\":48,\"height\":64},\"thumb\":{\"src\":\"https:\\\/\\\/maszyny-cukiernicze.pl\\\/wp-includes\\\/images\\\/media\\\/video.svg\",\"width\":48,\"height\":64}}]}<\/script>\n<\/div>\n\t\n","protected":false},"excerpt":{"rendered":"<p><strong>PISTON MK6 \/ PISTON MK8 <\/strong><strong>&#8211; <\/strong>URZ\u0104DZENIA DO DOZOWANIA CIAST I MAS CUKIERNICZYCH<\/p>\n<p><u>UWAGA !!\u00a0 <\/u>Wygl\u0105d finalny urz\u0105dzenia mo\u017ce r\u00f3\u017cni\u0107 si\u0119 od tego na zdj\u0119ciach ze wzgl\u0119du na szczeg\u00f3\u0142owe ustalenia z klientem w momencie z\u0142o\u017cenia zam\u00f3wienia.<\/p>\n[wpforms id=\"2166\"]\n","protected":false},"featured_media":1889,"template":"","meta":[],"product_cat":[93,92],"product_tag":[],"class_list":{"0":"post-2140","1":"product","2":"type-product","3":"status-publish","4":"has-post-thumbnail","6":"product_cat-confectionery-depositors","7":"product_cat-machines","9":"first","10":"instock","11":"virtual","12":"product-type-simple","swatches":"rey-swatches","show_selected":""},"acf":[],"yoast_head":"<!-- This site is optimized with the Yoast SEO plugin v23.0 - https:\/\/yoast.com\/wordpress\/plugins\/seo\/ -->\n<title>PISTON MK6 \/ PISTON MK8 - Maszyny cukiernicze<\/title>\n<meta name=\"robots\" content=\"index, follow, max-snippet:-1, max-image-preview:large, max-video-preview:-1\" \/>\n<link rel=\"canonical\" href=\"https:\/\/maszyny-cukiernicze.pl\/enigma\/piston-mk6-piston-mk8\/\" \/>\n<meta property=\"og:locale\" content=\"en_US\" \/>\n<meta property=\"og:type\" content=\"article\" \/>\n<meta property=\"og:title\" content=\"PISTON MK6 \/ PISTON MK8 - Maszyny cukiernicze\" \/>\n<meta property=\"og:description\" content=\"PISTON MK6 \/ PISTON MK8 - URZ\u0104DZENIA DO DOZOWANIA CIAST I MAS CUKIERNICZYCH  UWAGA !!\u00a0 Wygl\u0105d finalny urz\u0105dzenia mo\u017ce r\u00f3\u017cni\u0107 si\u0119 od tego na zdj\u0119ciach ze wzgl\u0119du na szczeg\u00f3\u0142owe ustalenia z klientem w momencie z\u0142o\u017cenia zam\u00f3wienia.\" \/>\n<meta property=\"og:url\" content=\"https:\/\/maszyny-cukiernicze.pl\/enigma\/piston-mk6-piston-mk8\/\" \/>\n<meta property=\"og:site_name\" content=\"Maszyny cukiernicze\" \/>\n<meta property=\"article:modified_time\" content=\"2024-06-06T13:12:22+00:00\" \/>\n<meta property=\"og:image\" content=\"https:\/\/maszyny-cukiernicze.pl\/wp-content\/uploads\/2024\/03\/piston1.jpg\" \/>\n\t<meta property=\"og:image:width\" content=\"1696\" \/>\n\t<meta property=\"og:image:height\" content=\"1864\" \/>\n\t<meta property=\"og:image:type\" content=\"image\/jpeg\" \/>\n<meta name=\"twitter:card\" content=\"summary_large_image\" \/>\n<script type=\"application\/ld+json\" class=\"yoast-schema-graph\">{\"@context\":\"https:\/\/schema.org\",\"@graph\":[{\"@type\":\"WebPage\",\"@id\":\"https:\/\/maszyny-cukiernicze.pl\/enigma\/piston-mk6-piston-mk8\/\",\"url\":\"https:\/\/maszyny-cukiernicze.pl\/enigma\/piston-mk6-piston-mk8\/\",\"name\":\"PISTON MK6 \/ PISTON MK8 - Maszyny cukiernicze\",\"isPartOf\":{\"@id\":\"https:\/\/maszyny-cukiernicze.pl\/#website\"},\"primaryImageOfPage\":{\"@id\":\"https:\/\/maszyny-cukiernicze.pl\/enigma\/piston-mk6-piston-mk8\/#primaryimage\"},\"image\":{\"@id\":\"https:\/\/maszyny-cukiernicze.pl\/enigma\/piston-mk6-piston-mk8\/#primaryimage\"},\"thumbnailUrl\":\"https:\/\/maszyny-cukiernicze.pl\/wp-content\/uploads\/2024\/03\/piston1.jpg\",\"datePublished\":\"2024-06-05T21:55:37+00:00\",\"dateModified\":\"2024-06-06T13:12:22+00:00\",\"breadcrumb\":{\"@id\":\"https:\/\/maszyny-cukiernicze.pl\/enigma\/piston-mk6-piston-mk8\/#breadcrumb\"},\"inLanguage\":\"en-US\",\"potentialAction\":[{\"@type\":\"ReadAction\",\"target\":[\"https:\/\/maszyny-cukiernicze.pl\/enigma\/piston-mk6-piston-mk8\/\"]}]},{\"@type\":\"ImageObject\",\"inLanguage\":\"en-US\",\"@id\":\"https:\/\/maszyny-cukiernicze.pl\/enigma\/piston-mk6-piston-mk8\/#primaryimage\",\"url\":\"https:\/\/maszyny-cukiernicze.pl\/wp-content\/uploads\/2024\/03\/piston1.jpg\",\"contentUrl\":\"https:\/\/maszyny-cukiernicze.pl\/wp-content\/uploads\/2024\/03\/piston1.jpg\",\"width\":1696,\"height\":1864},{\"@type\":\"BreadcrumbList\",\"@id\":\"https:\/\/maszyny-cukiernicze.pl\/enigma\/piston-mk6-piston-mk8\/#breadcrumb\",\"itemListElement\":[{\"@type\":\"ListItem\",\"position\":1,\"name\":\"Home\",\"item\":\"https:\/\/maszyny-cukiernicze.pl\/en\/\"},{\"@type\":\"ListItem\",\"position\":2,\"name\":\"Produkty\",\"item\":\"https:\/\/maszyny-cukiernicze.pl\/shop-2__trashed\/\"},{\"@type\":\"ListItem\",\"position\":3,\"name\":\"PISTON MK6 \/ PISTON MK8\"}]},{\"@type\":\"WebSite\",\"@id\":\"https:\/\/maszyny-cukiernicze.pl\/#website\",\"url\":\"https:\/\/maszyny-cukiernicze.pl\/\",\"name\":\"Maszyny cukiernicze\",\"description\":\"\",\"publisher\":{\"@id\":\"https:\/\/maszyny-cukiernicze.pl\/#organization\"},\"potentialAction\":[{\"@type\":\"SearchAction\",\"target\":{\"@type\":\"EntryPoint\",\"urlTemplate\":\"https:\/\/maszyny-cukiernicze.pl\/?s={search_term_string}\"},\"query-input\":\"required name=search_term_string\"}],\"inLanguage\":\"en-US\"},{\"@type\":\"Organization\",\"@id\":\"https:\/\/maszyny-cukiernicze.pl\/#organization\",\"name\":\"Maszyny cukiernicze\",\"url\":\"https:\/\/maszyny-cukiernicze.pl\/\",\"logo\":{\"@type\":\"ImageObject\",\"inLanguage\":\"en-US\",\"@id\":\"https:\/\/maszyny-cukiernicze.pl\/#\/schema\/logo\/image\/\",\"url\":\"https:\/\/maszyny-cukiernicze.pl\/wp-content\/uploads\/2024\/06\/logoen3.png\",\"contentUrl\":\"https:\/\/maszyny-cukiernicze.pl\/wp-content\/uploads\/2024\/06\/logoen3.png\",\"width\":450,\"height\":150,\"caption\":\"Maszyny cukiernicze\"},\"image\":{\"@id\":\"https:\/\/maszyny-cukiernicze.pl\/#\/schema\/logo\/image\/\"}}]}<\/script>\n<!-- \/ Yoast SEO plugin. -->","yoast_head_json":{"title":"PISTON MK6 \/ PISTON MK8 - Maszyny cukiernicze","robots":{"index":"index","follow":"follow","max-snippet":"max-snippet:-1","max-image-preview":"max-image-preview:large","max-video-preview":"max-video-preview:-1"},"canonical":"https:\/\/maszyny-cukiernicze.pl\/enigma\/piston-mk6-piston-mk8\/","og_locale":"en_US","og_type":"article","og_title":"PISTON MK6 \/ PISTON MK8 - Maszyny cukiernicze","og_description":"PISTON MK6 \/ PISTON MK8 - URZ\u0104DZENIA DO DOZOWANIA CIAST I MAS CUKIERNICZYCH  UWAGA !!\u00a0 Wygl\u0105d finalny urz\u0105dzenia mo\u017ce r\u00f3\u017cni\u0107 si\u0119 od tego na zdj\u0119ciach ze wzgl\u0119du na szczeg\u00f3\u0142owe ustalenia z klientem w momencie z\u0142o\u017cenia zam\u00f3wienia.","og_url":"https:\/\/maszyny-cukiernicze.pl\/enigma\/piston-mk6-piston-mk8\/","og_site_name":"Maszyny cukiernicze","article_modified_time":"2024-06-06T13:12:22+00:00","og_image":[{"width":1696,"height":1864,"url":"https:\/\/maszyny-cukiernicze.pl\/wp-content\/uploads\/2024\/03\/piston1.jpg","type":"image\/jpeg"}],"twitter_card":"summary_large_image","schema":{"@context":"https:\/\/schema.org","@graph":[{"@type":"WebPage","@id":"https:\/\/maszyny-cukiernicze.pl\/enigma\/piston-mk6-piston-mk8\/","url":"https:\/\/maszyny-cukiernicze.pl\/enigma\/piston-mk6-piston-mk8\/","name":"PISTON MK6 \/ PISTON MK8 - Maszyny cukiernicze","isPartOf":{"@id":"https:\/\/maszyny-cukiernicze.pl\/#website"},"primaryImageOfPage":{"@id":"https:\/\/maszyny-cukiernicze.pl\/enigma\/piston-mk6-piston-mk8\/#primaryimage"},"image":{"@id":"https:\/\/maszyny-cukiernicze.pl\/enigma\/piston-mk6-piston-mk8\/#primaryimage"},"thumbnailUrl":"https:\/\/maszyny-cukiernicze.pl\/wp-content\/uploads\/2024\/03\/piston1.jpg","datePublished":"2024-06-05T21:55:37+00:00","dateModified":"2024-06-06T13:12:22+00:00","breadcrumb":{"@id":"https:\/\/maszyny-cukiernicze.pl\/enigma\/piston-mk6-piston-mk8\/#breadcrumb"},"inLanguage":"en-US","potentialAction":[{"@type":"ReadAction","target":["https:\/\/maszyny-cukiernicze.pl\/enigma\/piston-mk6-piston-mk8\/"]}]},{"@type":"ImageObject","inLanguage":"en-US","@id":"https:\/\/maszyny-cukiernicze.pl\/enigma\/piston-mk6-piston-mk8\/#primaryimage","url":"https:\/\/maszyny-cukiernicze.pl\/wp-content\/uploads\/2024\/03\/piston1.jpg","contentUrl":"https:\/\/maszyny-cukiernicze.pl\/wp-content\/uploads\/2024\/03\/piston1.jpg","width":1696,"height":1864},{"@type":"BreadcrumbList","@id":"https:\/\/maszyny-cukiernicze.pl\/enigma\/piston-mk6-piston-mk8\/#breadcrumb","itemListElement":[{"@type":"ListItem","position":1,"name":"Home","item":"https:\/\/maszyny-cukiernicze.pl\/en\/"},{"@type":"ListItem","position":2,"name":"Produkty","item":"https:\/\/maszyny-cukiernicze.pl\/shop-2__trashed\/"},{"@type":"ListItem","position":3,"name":"PISTON MK6 \/ PISTON MK8"}]},{"@type":"WebSite","@id":"https:\/\/maszyny-cukiernicze.pl\/#website","url":"https:\/\/maszyny-cukiernicze.pl\/","name":"Maszyny cukiernicze","description":"","publisher":{"@id":"https:\/\/maszyny-cukiernicze.pl\/#organization"},"potentialAction":[{"@type":"SearchAction","target":{"@type":"EntryPoint","urlTemplate":"https:\/\/maszyny-cukiernicze.pl\/?s={search_term_string}"},"query-input":"required name=search_term_string"}],"inLanguage":"en-US"},{"@type":"Organization","@id":"https:\/\/maszyny-cukiernicze.pl\/#organization","name":"Maszyny cukiernicze","url":"https:\/\/maszyny-cukiernicze.pl\/","logo":{"@type":"ImageObject","inLanguage":"en-US","@id":"https:\/\/maszyny-cukiernicze.pl\/#\/schema\/logo\/image\/","url":"https:\/\/maszyny-cukiernicze.pl\/wp-content\/uploads\/2024\/06\/logoen3.png","contentUrl":"https:\/\/maszyny-cukiernicze.pl\/wp-content\/uploads\/2024\/06\/logoen3.png","width":450,"height":150,"caption":"Maszyny cukiernicze"},"image":{"@id":"https:\/\/maszyny-cukiernicze.pl\/#\/schema\/logo\/image\/"}}]}},"_links":{"self":[{"href":"https:\/\/maszyny-cukiernicze.pl\/en\/wp-json\/wp\/v2\/product\/2140","targetHints":{"allow":["GET"]}}],"collection":[{"href":"https:\/\/maszyny-cukiernicze.pl\/en\/wp-json\/wp\/v2\/product"}],"about":[{"href":"https:\/\/maszyny-cukiernicze.pl\/en\/wp-json\/wp\/v2\/types\/product"}],"wp:featuredmedia":[{"embeddable":true,"href":"https:\/\/maszyny-cukiernicze.pl\/en\/wp-json\/wp\/v2\/media\/1889"}],"wp:attachment":[{"href":"https:\/\/maszyny-cukiernicze.pl\/en\/wp-json\/wp\/v2\/media?parent=2140"}],"wp:term":[{"taxonomy":"product_cat","embeddable":true,"href":"https:\/\/maszyny-cukiernicze.pl\/en\/wp-json\/wp\/v2\/product_cat?post=2140"},{"taxonomy":"product_tag","embeddable":true,"href":"https:\/\/maszyny-cukiernicze.pl\/en\/wp-json\/wp\/v2\/product_tag?post=2140"}],"curies":[{"name":"wp","href":"https:\/\/api.w.org\/{rel}","templated":true}]}}